{"id":450,"date":"2020-01-15T16:48:03","date_gmt":"2020-01-15T15:48:03","guid":{"rendered":"https:\/\/mypolice.sk\/?page_id=450"},"modified":"2020-01-15T16:48:04","modified_gmt":"2020-01-15T15:48:04","slug":"info-o-ochrane-osobnych-udajov","status":"publish","type":"page","link":"https:\/\/mypolice.sk\/?page_id=450","title":{"rendered":"Info o ochrane osobn\u00fdch \u00fadajov"},"content":{"rendered":"\n<div class=\"wp-block-file\"><a href=\"https:\/\/mypolice.sk\/wp-content\/uploads\/2020\/01\/Poskytnutie-informacii.pdf\">Poskytnutie informacii<\/a><a href=\"https:\/\/mypolice.sk\/wp-content\/uploads\/2020\/01\/Poskytnutie-informacii.pdf\" class=\"wp-block-file__button\" download>Stiahnu\u0165<\/a><\/div>\n","protected":false},"excerpt":{"rendered":"","protected":false},"author":1,"featured_media":0,"parent":0,"menu_order":0,"comment_status":"closed","ping_status":"closed","template":"","meta":{"_monsterinsights_skip_tracking":false,"_monsterinsights_sitenote_active":false,"_monsterinsights_sitenote_note":"","_monsterinsights_sitenote_category":0,"footnotes":""},"class_list":["post-450","page","type-page","status-publish","hentry"],"yoast_head":"<!-- This site is optimized with the Yoast SEO plugin v27.4 - https:\/\/yoast.com\/product\/yoast-seo-wordpress\/ -->\n<title>Info o ochrane osobn\u00fdch \u00fadajov - MY POLICE<\/title>\n<meta name=\"robots\" content=\"index, follow, max-snippet:-1, max-image-preview:large, max-video-preview:-1\" \/>\n<link rel=\"canonical\" href=\"https:\/\/mypolice.sk\/?page_id=450\" \/>\n<meta property=\"og:locale\" content=\"sk_SK\" \/>\n<meta property=\"og:type\" content=\"article\" \/>\n<meta property=\"og:title\" content=\"Info o ochrane osobn\u00fdch \u00fadajov - MY POLICE\" \/>\n<meta property=\"og:url\" content=\"https:\/\/mypolice.sk\/?page_id=450\" \/>\n<meta property=\"og:site_name\" content=\"MY POLICE\" \/>\n<meta property=\"article:modified_time\" content=\"2020-01-15T15:48:04+00:00\" \/>\n<meta name=\"twitter:card\" content=\"summary_large_image\" \/>\n<script type=\"application\/ld+json\" class=\"yoast-schema-graph\">{\"@context\":\"https:\\\/\\\/schema.org\",\"@graph\":[{\"@type\":\"WebPage\",\"@id\":\"https:\\\/\\\/mypolice.sk\\\/?page_id=450\",\"url\":\"https:\\\/\\\/mypolice.sk\\\/?page_id=450\",\"name\":\"Info o ochrane osobn\u00fdch \u00fadajov - MY POLICE\",\"isPartOf\":{\"@id\":\"https:\\\/\\\/mypolice.sk\\\/#website\"},\"datePublished\":\"2020-01-15T15:48:03+00:00\",\"dateModified\":\"2020-01-15T15:48:04+00:00\",\"breadcrumb\":{\"@id\":\"https:\\\/\\\/mypolice.sk\\\/?page_id=450#breadcrumb\"},\"inLanguage\":\"sk-SK\",\"potentialAction\":[{\"@type\":\"ReadAction\",\"target\":[\"https:\\\/\\\/mypolice.sk\\\/?page_id=450\"]}]},{\"@type\":\"BreadcrumbList\",\"@id\":\"https:\\\/\\\/mypolice.sk\\\/?page_id=450#breadcrumb\",\"itemListElement\":[{\"@type\":\"ListItem\",\"position\":1,\"name\":\"Home\",\"item\":\"https:\\\/\\\/mypolice.sk\\\/\"},{\"@type\":\"ListItem\",\"position\":2,\"name\":\"Info o ochrane osobn\u00fdch \u00fadajov\"}]},{\"@type\":\"WebSite\",\"@id\":\"https:\\\/\\\/mypolice.sk\\\/#website\",\"url\":\"https:\\\/\\\/mypolice.sk\\\/\",\"name\":\"MY POLICE\",\"description\":\"\u0160portov\u00fd klub ob\u010dianske zdru\u017eenie\",\"publisher\":{\"@id\":\"https:\\\/\\\/mypolice.sk\\\/#organization\"},\"potentialAction\":[{\"@type\":\"SearchAction\",\"target\":{\"@type\":\"EntryPoint\",\"urlTemplate\":\"https:\\\/\\\/mypolice.sk\\\/?s={search_term_string}\"},\"query-input\":{\"@type\":\"PropertyValueSpecification\",\"valueRequired\":true,\"valueName\":\"search_term_string\"}}],\"inLanguage\":\"sk-SK\"},{\"@type\":\"Organization\",\"@id\":\"https:\\\/\\\/mypolice.sk\\\/#organization\",\"name\":\"ozmypolice\",\"url\":\"https:\\\/\\\/mypolice.sk\\\/\",\"logo\":{\"@type\":\"ImageObject\",\"inLanguage\":\"sk-SK\",\"@id\":\"https:\\\/\\\/mypolice.sk\\\/#\\\/schema\\\/logo\\\/image\\\/\",\"url\":\"https:\\\/\\\/mypolice.sk\\\/wp-content\\\/uploads\\\/2018\\\/02\\\/cropped-my-police-logo-e1517646646330-1.png\",\"contentUrl\":\"https:\\\/\\\/mypolice.sk\\\/wp-content\\\/uploads\\\/2018\\\/02\\\/cropped-my-police-logo-e1517646646330-1.png\",\"width\":248,\"height\":228,\"caption\":\"ozmypolice\"},\"image\":{\"@id\":\"https:\\\/\\\/mypolice.sk\\\/#\\\/schema\\\/logo\\\/image\\\/\"}}]}<\/script>\n<!-- \/ Yoast SEO plugin. -->","yoast_head_json":{"title":"Info o ochrane osobn\u00fdch \u00fadajov - MY POLICE","robots":{"index":"index","follow":"follow","max-snippet":"max-snippet:-1","max-image-preview":"max-image-preview:large","max-video-preview":"max-video-preview:-1"},"canonical":"https:\/\/mypolice.sk\/?page_id=450","og_locale":"sk_SK","og_type":"article","og_title":"Info o ochrane osobn\u00fdch \u00fadajov - MY POLICE","og_url":"https:\/\/mypolice.sk\/?page_id=450","og_site_name":"MY POLICE","article_modified_time":"2020-01-15T15:48:04+00:00","twitter_card":"summary_large_image","schema":{"@context":"https:\/\/schema.org","@graph":[{"@type":"WebPage","@id":"https:\/\/mypolice.sk\/?page_id=450","url":"https:\/\/mypolice.sk\/?page_id=450","name":"Info o ochrane osobn\u00fdch \u00fadajov - MY POLICE","isPartOf":{"@id":"https:\/\/mypolice.sk\/#website"},"datePublished":"2020-01-15T15:48:03+00:00","dateModified":"2020-01-15T15:48:04+00:00","breadcrumb":{"@id":"https:\/\/mypolice.sk\/?page_id=450#breadcrumb"},"inLanguage":"sk-SK","potentialAction":[{"@type":"ReadAction","target":["https:\/\/mypolice.sk\/?page_id=450"]}]},{"@type":"BreadcrumbList","@id":"https:\/\/mypolice.sk\/?page_id=450#breadcrumb","itemListElement":[{"@type":"ListItem","position":1,"name":"Home","item":"https:\/\/mypolice.sk\/"},{"@type":"ListItem","position":2,"name":"Info o ochrane osobn\u00fdch \u00fadajov"}]},{"@type":"WebSite","@id":"https:\/\/mypolice.sk\/#website","url":"https:\/\/mypolice.sk\/","name":"MY POLICE","description":"\u0160portov\u00fd klub ob\u010dianske zdru\u017eenie","publisher":{"@id":"https:\/\/mypolice.sk\/#organization"},"potentialAction":[{"@type":"SearchAction","target":{"@type":"EntryPoint","urlTemplate":"https:\/\/mypolice.sk\/?s={search_term_string}"},"query-input":{"@type":"PropertyValueSpecification","valueRequired":true,"valueName":"search_term_string"}}],"inLanguage":"sk-SK"},{"@type":"Organization","@id":"https:\/\/mypolice.sk\/#organization","name":"ozmypolice","url":"https:\/\/mypolice.sk\/","logo":{"@type":"ImageObject","inLanguage":"sk-SK","@id":"https:\/\/mypolice.sk\/#\/schema\/logo\/image\/","url":"https:\/\/mypolice.sk\/wp-content\/uploads\/2018\/02\/cropped-my-police-logo-e1517646646330-1.png","contentUrl":"https:\/\/mypolice.sk\/wp-content\/uploads\/2018\/02\/cropped-my-police-logo-e1517646646330-1.png","width":248,"height":228,"caption":"ozmypolice"},"image":{"@id":"https:\/\/mypolice.sk\/#\/schema\/logo\/image\/"}}]}},"_links":{"self":[{"href":"https:\/\/mypolice.sk\/index.php?rest_route=\/wp\/v2\/pages\/450","targetHints":{"allow":["GET"]}}],"collection":[{"href":"https:\/\/mypolice.sk\/index.php?rest_route=\/wp\/v2\/pages"}],"about":[{"href":"https:\/\/mypolice.sk\/index.php?rest_route=\/wp\/v2\/types\/page"}],"author":[{"embeddable":true,"href":"https:\/\/mypolice.sk\/index.php?rest_route=\/wp\/v2\/users\/1"}],"replies":[{"embeddable":true,"href":"https:\/\/mypolice.sk\/index.php?rest_route=%2Fwp%2Fv2%2Fcomments&post=450"}],"version-history":[{"count":1,"href":"https:\/\/mypolice.sk\/index.php?rest_route=\/wp\/v2\/pages\/450\/revisions"}],"predecessor-version":[{"id":460,"href":"https:\/\/mypolice.sk\/index.php?rest_route=\/wp\/v2\/pages\/450\/revisions\/460"}],"wp:attachment":[{"href":"https:\/\/mypolice.sk\/index.php?rest_route=%2Fwp%2Fv2%2Fmedia&parent=450"}],"curies":[{"name":"wp","href":"https:\/\/api.w.org\/{rel}","templated":true}]}}