{"id":52,"date":"2018-02-03T11:01:26","date_gmt":"2018-02-03T10:01:26","guid":{"rendered":"https:\/\/mypolice.sk\/?page_id=52"},"modified":"2024-12-25T22:07:10","modified_gmt":"2024-12-25T21:07:10","slug":"dokumenty","status":"publish","type":"page","link":"https:\/\/mypolice.sk\/?page_id=52","title":{"rendered":"Dokumenty"},"content":{"rendered":"<p>Tla\u010div\u00e1 a dokumenty na stiahnutie<\/p>\n<p><strong>Zbrane a strelivo<\/strong><\/p>\n<p>&#8222;<a href=\"https:\/\/www.minv.sk\/?spravne-poplatky-na-useku-strelnych-zbrani-a-streliva\">Spr\u00e1vne poplatky na \u00faseku streln\u00fdch zbran\u00ed a streliva, Ministerstvo vn\u00fatra SR &#8211; Pol\u00edcia (minv.sk<\/a>)&#8220;<\/p>\n<p><a href=\"https:\/\/www.minv.sk\/?zbrane-a-strelivo&amp;subor=515620\">\u017diados\u0165 o udelenie v\u00fdnimky na zbra\u0148 kateg\u00f3rie A &#8211; dr\u017eite\u013e zbrojn\u00e9ho preukazu (276,3 kB)<\/a><\/p>\n<p><a href=\"https:\/\/www.minv.sk\/?zbrane-a-strelivo&amp;subor=515618\">\u017diados\u0165 o vydanie n\u00e1kupn\u00e9ho povolenia na zbrane kat. A alebo kat. B &#8211; dr\u017eite\u013e zbrojn\u00e9ho preukazu (188,8 kB)<\/a><\/p>\n<p><a href=\"https:\/\/www.minv.sk\/?zbrane-a-strelivo&amp;subor=515629\">Potvrdenie o bez\u00fahonnosti, spo\u013eahlivosti, zdravotnej, psychickej sp\u00f4sobilosti &#8211; \u0161t\u00e1tna slu\u017eba (policajti, vojaci a pod.) (126,4 kB)<\/a><\/p>\n<p><a href=\"http:\/\/www.minv.sk\/?zbrane-a-strelivo&amp;subor=274246\">\u017diados\u0165 o vydanie zbrojn\u00e9ho preukazu<\/a><\/p>\n<p><a href=\"http:\/\/www.minv.sk\/?zbrane-a-strelivo&amp;subor=274238\">\u017diados\u0165 o roz\u0161\u00edrenie zbrojn\u00e9ho preukazu<\/a><\/p>\n<p><a href=\"http:\/\/www.minv.sk\/?zbrane-a-strelivo&amp;subor=274235\">Zaevidovanie zbrane a vydanie preukazu zbrane<\/a><\/p>\n<p><a href=\"http:\/\/www.minv.sk\/?zbrane-a-strelivo&amp;subor=274242\">\u017diados\u0165 o vydanie eur\u00f3pskeho zbrojn\u00e9ho pasu<\/a><\/p>\n<p><a href=\"https:\/\/www.zakonypreludi.sk\/zz\/2003-190\">Z\u00e1kon_c.190_2003 o_zbraniach_a strelive<\/a><\/p>\n<p><strong>Dokumenty OZ MYPOLICE<\/strong><\/p>\n<p><a href=\"https:\/\/mypolice.sk\/wp-content\/uploads\/2018\/08\/OZ-MYPOLICE-poriadok.pdf\">OZ MYPOLICE Povinnosti n\u00e1v\u0161tevn\u00edka strelnice (PDF)<\/a><\/p>\n<p><a href=\"https:\/\/mypolice.sk\/wp-content\/uploads\/2019\/01\/Prihlaska-a-\u010destn\u00e9-prehlasenie.docx\">Prihl\u00e1\u0161ka a \u010destn\u00e9 prehl\u00e1senie \u010dlena OZ MY POLICE<\/a><\/p>\n","protected":false},"excerpt":{"rendered":"<p>Tla\u010div\u00e1 a dokumenty na stiahnutie Zbrane a strelivo &#8222;Spr\u00e1vne poplatky na \u00faseku streln\u00fdch zbran\u00ed a streliva, Ministerstvo vn\u00fatra SR &#8211; Pol\u00edcia (minv.sk)&#8220; \u017diados\u0165 o udelenie v\u00fdnimky na zbra\u0148 kateg\u00f3rie A &#8211; dr\u017eite\u013e zbrojn\u00e9ho preukazu (276,3 kB) \u017diados\u0165 o vydanie n\u00e1kupn\u00e9ho povolenia na zbrane kat. A alebo kat. B &#8211; dr\u017eite\u013e zbrojn\u00e9ho preukazu (188,8 kB) Potvrdenie &hellip; <a href=\"https:\/\/mypolice.sk\/?page_id=52\" class=\"more-link\">Pokra\u010dova\u0165 v \u010d\u00edtan\u00ed: <span class=\"screen-reader-text\">Dokumenty<\/span><\/a><\/p>\n","protected":false},"author":1,"featured_media":0,"parent":0,"menu_order":0,"comment_status":"closed","ping_status":"closed","template":"","meta":{"_monsterinsights_skip_tracking":false,"_monsterinsights_sitenote_active":false,"_monsterinsights_sitenote_note":"","_monsterinsights_sitenote_category":0,"footnotes":""},"class_list":["post-52","page","type-page","status-publish","hentry"],"yoast_head":"<!-- This site is optimized with the Yoast SEO plugin v27.4 - https:\/\/yoast.com\/product\/yoast-seo-wordpress\/ -->\n<title>Dokumenty - MY POLICE<\/title>\n<meta name=\"robots\" content=\"index, follow, max-snippet:-1, max-image-preview:large, max-video-preview:-1\" \/>\n<link rel=\"canonical\" href=\"https:\/\/mypolice.sk\/?page_id=52\" \/>\n<meta property=\"og:locale\" content=\"sk_SK\" \/>\n<meta property=\"og:type\" content=\"article\" \/>\n<meta property=\"og:title\" content=\"Dokumenty - MY POLICE\" \/>\n<meta property=\"og:description\" content=\"Tla\u010div\u00e1 a dokumenty na stiahnutie Zbrane a strelivo &#8222;Spr\u00e1vne poplatky na \u00faseku streln\u00fdch zbran\u00ed a streliva, Ministerstvo vn\u00fatra SR &#8211; Pol\u00edcia (minv.sk)&#8220; \u017diados\u0165 o udelenie v\u00fdnimky na zbra\u0148 kateg\u00f3rie A &#8211; dr\u017eite\u013e zbrojn\u00e9ho preukazu (276,3 kB) \u017diados\u0165 o vydanie n\u00e1kupn\u00e9ho povolenia na zbrane kat. A alebo kat. B &#8211; dr\u017eite\u013e zbrojn\u00e9ho preukazu (188,8 kB) Potvrdenie &hellip; Pokra\u010dova\u0165 v \u010d\u00edtan\u00ed: Dokumenty\" \/>\n<meta property=\"og:url\" content=\"https:\/\/mypolice.sk\/?page_id=52\" \/>\n<meta property=\"og:site_name\" content=\"MY POLICE\" \/>\n<meta property=\"article:modified_time\" content=\"2024-12-25T21:07:10+00:00\" \/>\n<meta name=\"twitter:card\" content=\"summary_large_image\" \/>\n<meta name=\"twitter:label1\" content=\"Predpokladan\u00fd \u010das \u010d\u00edtania\" \/>\n\t<meta name=\"twitter:data1\" content=\"1 min\u00fata\" \/>\n<script type=\"application\/ld+json\" class=\"yoast-schema-graph\">{\"@context\":\"https:\\\/\\\/schema.org\",\"@graph\":[{\"@type\":\"WebPage\",\"@id\":\"https:\\\/\\\/mypolice.sk\\\/?page_id=52\",\"url\":\"https:\\\/\\\/mypolice.sk\\\/?page_id=52\",\"name\":\"Dokumenty - MY POLICE\",\"isPartOf\":{\"@id\":\"https:\\\/\\\/mypolice.sk\\\/#website\"},\"datePublished\":\"2018-02-03T10:01:26+00:00\",\"dateModified\":\"2024-12-25T21:07:10+00:00\",\"breadcrumb\":{\"@id\":\"https:\\\/\\\/mypolice.sk\\\/?page_id=52#breadcrumb\"},\"inLanguage\":\"sk-SK\",\"potentialAction\":[{\"@type\":\"ReadAction\",\"target\":[\"https:\\\/\\\/mypolice.sk\\\/?page_id=52\"]}]},{\"@type\":\"BreadcrumbList\",\"@id\":\"https:\\\/\\\/mypolice.sk\\\/?page_id=52#breadcrumb\",\"itemListElement\":[{\"@type\":\"ListItem\",\"position\":1,\"name\":\"Home\",\"item\":\"https:\\\/\\\/mypolice.sk\\\/\"},{\"@type\":\"ListItem\",\"position\":2,\"name\":\"Dokumenty\"}]},{\"@type\":\"WebSite\",\"@id\":\"https:\\\/\\\/mypolice.sk\\\/#website\",\"url\":\"https:\\\/\\\/mypolice.sk\\\/\",\"name\":\"MY POLICE\",\"description\":\"\u0160portov\u00fd klub ob\u010dianske zdru\u017eenie\",\"publisher\":{\"@id\":\"https:\\\/\\\/mypolice.sk\\\/#organization\"},\"potentialAction\":[{\"@type\":\"SearchAction\",\"target\":{\"@type\":\"EntryPoint\",\"urlTemplate\":\"https:\\\/\\\/mypolice.sk\\\/?s={search_term_string}\"},\"query-input\":{\"@type\":\"PropertyValueSpecification\",\"valueRequired\":true,\"valueName\":\"search_term_string\"}}],\"inLanguage\":\"sk-SK\"},{\"@type\":\"Organization\",\"@id\":\"https:\\\/\\\/mypolice.sk\\\/#organization\",\"name\":\"ozmypolice\",\"url\":\"https:\\\/\\\/mypolice.sk\\\/\",\"logo\":{\"@type\":\"ImageObject\",\"inLanguage\":\"sk-SK\",\"@id\":\"https:\\\/\\\/mypolice.sk\\\/#\\\/schema\\\/logo\\\/image\\\/\",\"url\":\"https:\\\/\\\/mypolice.sk\\\/wp-content\\\/uploads\\\/2018\\\/02\\\/cropped-my-police-logo-e1517646646330-1.png\",\"contentUrl\":\"https:\\\/\\\/mypolice.sk\\\/wp-content\\\/uploads\\\/2018\\\/02\\\/cropped-my-police-logo-e1517646646330-1.png\",\"width\":248,\"height\":228,\"caption\":\"ozmypolice\"},\"image\":{\"@id\":\"https:\\\/\\\/mypolice.sk\\\/#\\\/schema\\\/logo\\\/image\\\/\"}}]}<\/script>\n<!-- \/ Yoast SEO plugin. -->","yoast_head_json":{"title":"Dokumenty - MY POLICE","robots":{"index":"index","follow":"follow","max-snippet":"max-snippet:-1","max-image-preview":"max-image-preview:large","max-video-preview":"max-video-preview:-1"},"canonical":"https:\/\/mypolice.sk\/?page_id=52","og_locale":"sk_SK","og_type":"article","og_title":"Dokumenty - MY POLICE","og_description":"Tla\u010div\u00e1 a dokumenty na stiahnutie Zbrane a strelivo &#8222;Spr\u00e1vne poplatky na \u00faseku streln\u00fdch zbran\u00ed a streliva, Ministerstvo vn\u00fatra SR &#8211; Pol\u00edcia (minv.sk)&#8220; \u017diados\u0165 o udelenie v\u00fdnimky na zbra\u0148 kateg\u00f3rie A &#8211; dr\u017eite\u013e zbrojn\u00e9ho preukazu (276,3 kB) \u017diados\u0165 o vydanie n\u00e1kupn\u00e9ho povolenia na zbrane kat. A alebo kat. B &#8211; dr\u017eite\u013e zbrojn\u00e9ho preukazu (188,8 kB) Potvrdenie &hellip; Pokra\u010dova\u0165 v \u010d\u00edtan\u00ed: Dokumenty","og_url":"https:\/\/mypolice.sk\/?page_id=52","og_site_name":"MY POLICE","article_modified_time":"2024-12-25T21:07:10+00:00","twitter_card":"summary_large_image","twitter_misc":{"Predpokladan\u00fd \u010das \u010d\u00edtania":"1 min\u00fata"},"schema":{"@context":"https:\/\/schema.org","@graph":[{"@type":"WebPage","@id":"https:\/\/mypolice.sk\/?page_id=52","url":"https:\/\/mypolice.sk\/?page_id=52","name":"Dokumenty - MY POLICE","isPartOf":{"@id":"https:\/\/mypolice.sk\/#website"},"datePublished":"2018-02-03T10:01:26+00:00","dateModified":"2024-12-25T21:07:10+00:00","breadcrumb":{"@id":"https:\/\/mypolice.sk\/?page_id=52#breadcrumb"},"inLanguage":"sk-SK","potentialAction":[{"@type":"ReadAction","target":["https:\/\/mypolice.sk\/?page_id=52"]}]},{"@type":"BreadcrumbList","@id":"https:\/\/mypolice.sk\/?page_id=52#breadcrumb","itemListElement":[{"@type":"ListItem","position":1,"name":"Home","item":"https:\/\/mypolice.sk\/"},{"@type":"ListItem","position":2,"name":"Dokumenty"}]},{"@type":"WebSite","@id":"https:\/\/mypolice.sk\/#website","url":"https:\/\/mypolice.sk\/","name":"MY POLICE","description":"\u0160portov\u00fd klub ob\u010dianske zdru\u017eenie","publisher":{"@id":"https:\/\/mypolice.sk\/#organization"},"potentialAction":[{"@type":"SearchAction","target":{"@type":"EntryPoint","urlTemplate":"https:\/\/mypolice.sk\/?s={search_term_string}"},"query-input":{"@type":"PropertyValueSpecification","valueRequired":true,"valueName":"search_term_string"}}],"inLanguage":"sk-SK"},{"@type":"Organization","@id":"https:\/\/mypolice.sk\/#organization","name":"ozmypolice","url":"https:\/\/mypolice.sk\/","logo":{"@type":"ImageObject","inLanguage":"sk-SK","@id":"https:\/\/mypolice.sk\/#\/schema\/logo\/image\/","url":"https:\/\/mypolice.sk\/wp-content\/uploads\/2018\/02\/cropped-my-police-logo-e1517646646330-1.png","contentUrl":"https:\/\/mypolice.sk\/wp-content\/uploads\/2018\/02\/cropped-my-police-logo-e1517646646330-1.png","width":248,"height":228,"caption":"ozmypolice"},"image":{"@id":"https:\/\/mypolice.sk\/#\/schema\/logo\/image\/"}}]}},"_links":{"self":[{"href":"https:\/\/mypolice.sk\/index.php?rest_route=\/wp\/v2\/pages\/52","targetHints":{"allow":["GET"]}}],"collection":[{"href":"https:\/\/mypolice.sk\/index.php?rest_route=\/wp\/v2\/pages"}],"about":[{"href":"https:\/\/mypolice.sk\/index.php?rest_route=\/wp\/v2\/types\/page"}],"author":[{"embeddable":true,"href":"https:\/\/mypolice.sk\/index.php?rest_route=\/wp\/v2\/users\/1"}],"replies":[{"embeddable":true,"href":"https:\/\/mypolice.sk\/index.php?rest_route=%2Fwp%2Fv2%2Fcomments&post=52"}],"version-history":[{"count":5,"href":"https:\/\/mypolice.sk\/index.php?rest_route=\/wp\/v2\/pages\/52\/revisions"}],"predecessor-version":[{"id":1191,"href":"https:\/\/mypolice.sk\/index.php?rest_route=\/wp\/v2\/pages\/52\/revisions\/1191"}],"wp:attachment":[{"href":"https:\/\/mypolice.sk\/index.php?rest_route=%2Fwp%2Fv2%2Fmedia&parent=52"}],"curies":[{"name":"wp","href":"https:\/\/api.w.org\/{rel}","templated":true}]}}