{"id":699,"date":"2021-11-15T20:40:18","date_gmt":"2021-11-15T19:40:18","guid":{"rendered":"https:\/\/mypolice.sk\/?page_id=699"},"modified":"2021-11-15T20:54:21","modified_gmt":"2021-11-15T19:54:21","slug":"propagacne-materialy","status":"publish","type":"page","link":"https:\/\/mypolice.sk\/?page_id=699","title":{"rendered":"Propaga\u010dn\u00e9 materi\u00e1ly"},"content":{"rendered":"\n<p>Propaga\u010dn\u00e9 predmety ur\u010den\u00e9 pre \u010dlenov OZ MYPOLICE . <\/p>\n\n\n\n<p>V\u00fdrobu propaga\u010dn\u00fdch predmetov   vo vysokej kvalite n\u00e1m zabezpe\u010duje dohodnut\u00e1 extern\u00e1 firma. <\/p>\n\n\n\n<div class=\"wp-block-group\"><div class=\"wp-block-group__inner-container is-layout-flow wp-block-group-is-layout-flow\">\n<figure class=\"wp-block-image is-resized\"><img loading=\"lazy\" decoding=\"async\" src=\"https:\/\/mypoliceshop.pretvojufirmu.sk\/img\/min\/pohar_keramik_matny.jpg\" alt=\" My Police Hrn\u010dek Matt\u00e9 (G\/R)\" width=\"299\" height=\"364\"\/><\/figure>\n\n\n\n<figure class=\"wp-block-image size-large is-resized\"><img loading=\"lazy\" decoding=\"async\" src=\"https:\/\/mypoliceshop.pretvojufirmu.sk\/img\/min\/tricko_classic_zelene.jpg\" alt=\"\" width=\"211\" height=\"257\"\/><\/figure>\n<\/div><\/div>\n\n\n\n<figure class=\"wp-block-image size-large\"><a href=\"https:\/\/mypoliceshop.pretvojufirmu.sk\/\"><img loading=\"lazy\" decoding=\"async\" width=\"1024\" height=\"410\" src=\"https:\/\/mypolice.sk\/wp-content\/uploads\/2021\/11\/image-1-1024x410.jpg\" alt=\"\" class=\"wp-image-709\" srcset=\"https:\/\/mypolice.sk\/wp-content\/uploads\/2021\/11\/image-1-1024x410.jpg 1024w, https:\/\/mypolice.sk\/wp-content\/uploads\/2021\/11\/image-1-300x120.jpg 300w, https:\/\/mypolice.sk\/wp-content\/uploads\/2021\/11\/image-1-768x308.jpg 768w, https:\/\/mypolice.sk\/wp-content\/uploads\/2021\/11\/image-1.jpg 1428w\" sizes=\"auto, (max-width: 1024px) 100vw, 1024px\" \/><\/a><\/figure>\n\n\n\n<figure class=\"wp-block-embed\"><div class=\"wp-block-embed__wrapper\">\nhttps:\/\/mypoliceshop.pretvojufirmu.sk\/\n<\/div><\/figure>\n","protected":false},"excerpt":{"rendered":"<p>Propaga\u010dn\u00e9 predmety ur\u010den\u00e9 pre \u010dlenov OZ MYPOLICE . V\u00fdrobu propaga\u010dn\u00fdch predmetov vo vysokej kvalite n\u00e1m zabezpe\u010duje dohodnut\u00e1 extern\u00e1 firma.<\/p>\n","protected":false},"author":1,"featured_media":0,"parent":0,"menu_order":0,"comment_status":"closed","ping_status":"closed","template":"","meta":{"_monsterinsights_skip_tracking":false,"_monsterinsights_sitenote_active":false,"_monsterinsights_sitenote_note":"","_monsterinsights_sitenote_category":0,"footnotes":""},"class_list":["post-699","page","type-page","status-publish","hentry"],"yoast_head":"<!-- This site is optimized with the Yoast SEO plugin v27.4 - https:\/\/yoast.com\/product\/yoast-seo-wordpress\/ -->\n<title>Propaga\u010dn\u00e9 materi\u00e1ly - MY POLICE<\/title>\n<meta name=\"robots\" content=\"index, follow, max-snippet:-1, max-image-preview:large, max-video-preview:-1\" \/>\n<link rel=\"canonical\" href=\"https:\/\/mypolice.sk\/?page_id=699\" \/>\n<meta property=\"og:locale\" content=\"sk_SK\" \/>\n<meta property=\"og:type\" content=\"article\" \/>\n<meta property=\"og:title\" content=\"Propaga\u010dn\u00e9 materi\u00e1ly - MY POLICE\" \/>\n<meta property=\"og:description\" content=\"Propaga\u010dn\u00e9 predmety ur\u010den\u00e9 pre \u010dlenov OZ MYPOLICE . V\u00fdrobu propaga\u010dn\u00fdch predmetov vo vysokej kvalite n\u00e1m zabezpe\u010duje dohodnut\u00e1 extern\u00e1 firma.\" \/>\n<meta property=\"og:url\" content=\"https:\/\/mypolice.sk\/?page_id=699\" \/>\n<meta property=\"og:site_name\" content=\"MY POLICE\" \/>\n<meta property=\"article:modified_time\" content=\"2021-11-15T19:54:21+00:00\" \/>\n<meta property=\"og:image\" content=\"https:\/\/mypoliceshop.pretvojufirmu.sk\/img\/min\/pohar_keramik_matny.jpg\" \/>\n<meta name=\"twitter:card\" content=\"summary_large_image\" \/>\n<meta name=\"twitter:label1\" content=\"Predpokladan\u00fd \u010das \u010d\u00edtania\" \/>\n\t<meta name=\"twitter:data1\" content=\"1 min\u00fata\" \/>\n<script type=\"application\/ld+json\" class=\"yoast-schema-graph\">{\"@context\":\"https:\\\/\\\/schema.org\",\"@graph\":[{\"@type\":\"WebPage\",\"@id\":\"https:\\\/\\\/mypolice.sk\\\/?page_id=699\",\"url\":\"https:\\\/\\\/mypolice.sk\\\/?page_id=699\",\"name\":\"Propaga\u010dn\u00e9 materi\u00e1ly - MY POLICE\",\"isPartOf\":{\"@id\":\"https:\\\/\\\/mypolice.sk\\\/#website\"},\"primaryImageOfPage\":{\"@id\":\"https:\\\/\\\/mypolice.sk\\\/?page_id=699#primaryimage\"},\"image\":{\"@id\":\"https:\\\/\\\/mypolice.sk\\\/?page_id=699#primaryimage\"},\"thumbnailUrl\":\"https:\\\/\\\/mypoliceshop.pretvojufirmu.sk\\\/img\\\/min\\\/pohar_keramik_matny.jpg\",\"datePublished\":\"2021-11-15T19:40:18+00:00\",\"dateModified\":\"2021-11-15T19:54:21+00:00\",\"breadcrumb\":{\"@id\":\"https:\\\/\\\/mypolice.sk\\\/?page_id=699#breadcrumb\"},\"inLanguage\":\"sk-SK\",\"potentialAction\":[{\"@type\":\"ReadAction\",\"target\":[\"https:\\\/\\\/mypolice.sk\\\/?page_id=699\"]}]},{\"@type\":\"ImageObject\",\"inLanguage\":\"sk-SK\",\"@id\":\"https:\\\/\\\/mypolice.sk\\\/?page_id=699#primaryimage\",\"url\":\"https:\\\/\\\/mypoliceshop.pretvojufirmu.sk\\\/img\\\/min\\\/pohar_keramik_matny.jpg\",\"contentUrl\":\"https:\\\/\\\/mypoliceshop.pretvojufirmu.sk\\\/img\\\/min\\\/pohar_keramik_matny.jpg\"},{\"@type\":\"BreadcrumbList\",\"@id\":\"https:\\\/\\\/mypolice.sk\\\/?page_id=699#breadcrumb\",\"itemListElement\":[{\"@type\":\"ListItem\",\"position\":1,\"name\":\"Home\",\"item\":\"https:\\\/\\\/mypolice.sk\\\/\"},{\"@type\":\"ListItem\",\"position\":2,\"name\":\"Propaga\u010dn\u00e9 materi\u00e1ly\"}]},{\"@type\":\"WebSite\",\"@id\":\"https:\\\/\\\/mypolice.sk\\\/#website\",\"url\":\"https:\\\/\\\/mypolice.sk\\\/\",\"name\":\"MY POLICE\",\"description\":\"\u0160portov\u00fd klub ob\u010dianske zdru\u017eenie\",\"publisher\":{\"@id\":\"https:\\\/\\\/mypolice.sk\\\/#organization\"},\"potentialAction\":[{\"@type\":\"SearchAction\",\"target\":{\"@type\":\"EntryPoint\",\"urlTemplate\":\"https:\\\/\\\/mypolice.sk\\\/?s={search_term_string}\"},\"query-input\":{\"@type\":\"PropertyValueSpecification\",\"valueRequired\":true,\"valueName\":\"search_term_string\"}}],\"inLanguage\":\"sk-SK\"},{\"@type\":\"Organization\",\"@id\":\"https:\\\/\\\/mypolice.sk\\\/#organization\",\"name\":\"ozmypolice\",\"url\":\"https:\\\/\\\/mypolice.sk\\\/\",\"logo\":{\"@type\":\"ImageObject\",\"inLanguage\":\"sk-SK\",\"@id\":\"https:\\\/\\\/mypolice.sk\\\/#\\\/schema\\\/logo\\\/image\\\/\",\"url\":\"https:\\\/\\\/mypolice.sk\\\/wp-content\\\/uploads\\\/2018\\\/02\\\/cropped-my-police-logo-e1517646646330-1.png\",\"contentUrl\":\"https:\\\/\\\/mypolice.sk\\\/wp-content\\\/uploads\\\/2018\\\/02\\\/cropped-my-police-logo-e1517646646330-1.png\",\"width\":248,\"height\":228,\"caption\":\"ozmypolice\"},\"image\":{\"@id\":\"https:\\\/\\\/mypolice.sk\\\/#\\\/schema\\\/logo\\\/image\\\/\"}}]}<\/script>\n<!-- \/ Yoast SEO plugin. -->","yoast_head_json":{"title":"Propaga\u010dn\u00e9 materi\u00e1ly - MY POLICE","robots":{"index":"index","follow":"follow","max-snippet":"max-snippet:-1","max-image-preview":"max-image-preview:large","max-video-preview":"max-video-preview:-1"},"canonical":"https:\/\/mypolice.sk\/?page_id=699","og_locale":"sk_SK","og_type":"article","og_title":"Propaga\u010dn\u00e9 materi\u00e1ly - MY POLICE","og_description":"Propaga\u010dn\u00e9 predmety ur\u010den\u00e9 pre \u010dlenov OZ MYPOLICE . V\u00fdrobu propaga\u010dn\u00fdch predmetov vo vysokej kvalite n\u00e1m zabezpe\u010duje dohodnut\u00e1 extern\u00e1 firma.","og_url":"https:\/\/mypolice.sk\/?page_id=699","og_site_name":"MY POLICE","article_modified_time":"2021-11-15T19:54:21+00:00","og_image":[{"url":"https:\/\/mypoliceshop.pretvojufirmu.sk\/img\/min\/pohar_keramik_matny.jpg","type":"","width":"","height":""}],"twitter_card":"summary_large_image","twitter_misc":{"Predpokladan\u00fd \u010das \u010d\u00edtania":"1 min\u00fata"},"schema":{"@context":"https:\/\/schema.org","@graph":[{"@type":"WebPage","@id":"https:\/\/mypolice.sk\/?page_id=699","url":"https:\/\/mypolice.sk\/?page_id=699","name":"Propaga\u010dn\u00e9 materi\u00e1ly - MY POLICE","isPartOf":{"@id":"https:\/\/mypolice.sk\/#website"},"primaryImageOfPage":{"@id":"https:\/\/mypolice.sk\/?page_id=699#primaryimage"},"image":{"@id":"https:\/\/mypolice.sk\/?page_id=699#primaryimage"},"thumbnailUrl":"https:\/\/mypoliceshop.pretvojufirmu.sk\/img\/min\/pohar_keramik_matny.jpg","datePublished":"2021-11-15T19:40:18+00:00","dateModified":"2021-11-15T19:54:21+00:00","breadcrumb":{"@id":"https:\/\/mypolice.sk\/?page_id=699#breadcrumb"},"inLanguage":"sk-SK","potentialAction":[{"@type":"ReadAction","target":["https:\/\/mypolice.sk\/?page_id=699"]}]},{"@type":"ImageObject","inLanguage":"sk-SK","@id":"https:\/\/mypolice.sk\/?page_id=699#primaryimage","url":"https:\/\/mypoliceshop.pretvojufirmu.sk\/img\/min\/pohar_keramik_matny.jpg","contentUrl":"https:\/\/mypoliceshop.pretvojufirmu.sk\/img\/min\/pohar_keramik_matny.jpg"},{"@type":"BreadcrumbList","@id":"https:\/\/mypolice.sk\/?page_id=699#breadcrumb","itemListElement":[{"@type":"ListItem","position":1,"name":"Home","item":"https:\/\/mypolice.sk\/"},{"@type":"ListItem","position":2,"name":"Propaga\u010dn\u00e9 materi\u00e1ly"}]},{"@type":"WebSite","@id":"https:\/\/mypolice.sk\/#website","url":"https:\/\/mypolice.sk\/","name":"MY POLICE","description":"\u0160portov\u00fd klub ob\u010dianske zdru\u017eenie","publisher":{"@id":"https:\/\/mypolice.sk\/#organization"},"potentialAction":[{"@type":"SearchAction","target":{"@type":"EntryPoint","urlTemplate":"https:\/\/mypolice.sk\/?s={search_term_string}"},"query-input":{"@type":"PropertyValueSpecification","valueRequired":true,"valueName":"search_term_string"}}],"inLanguage":"sk-SK"},{"@type":"Organization","@id":"https:\/\/mypolice.sk\/#organization","name":"ozmypolice","url":"https:\/\/mypolice.sk\/","logo":{"@type":"ImageObject","inLanguage":"sk-SK","@id":"https:\/\/mypolice.sk\/#\/schema\/logo\/image\/","url":"https:\/\/mypolice.sk\/wp-content\/uploads\/2018\/02\/cropped-my-police-logo-e1517646646330-1.png","contentUrl":"https:\/\/mypolice.sk\/wp-content\/uploads\/2018\/02\/cropped-my-police-logo-e1517646646330-1.png","width":248,"height":228,"caption":"ozmypolice"},"image":{"@id":"https:\/\/mypolice.sk\/#\/schema\/logo\/image\/"}}]}},"_links":{"self":[{"href":"https:\/\/mypolice.sk\/index.php?rest_route=\/wp\/v2\/pages\/699","targetHints":{"allow":["GET"]}}],"collection":[{"href":"https:\/\/mypolice.sk\/index.php?rest_route=\/wp\/v2\/pages"}],"about":[{"href":"https:\/\/mypolice.sk\/index.php?rest_route=\/wp\/v2\/types\/page"}],"author":[{"embeddable":true,"href":"https:\/\/mypolice.sk\/index.php?rest_route=\/wp\/v2\/users\/1"}],"replies":[{"embeddable":true,"href":"https:\/\/mypolice.sk\/index.php?rest_route=%2Fwp%2Fv2%2Fcomments&post=699"}],"version-history":[{"count":5,"href":"https:\/\/mypolice.sk\/index.php?rest_route=\/wp\/v2\/pages\/699\/revisions"}],"predecessor-version":[{"id":716,"href":"https:\/\/mypolice.sk\/index.php?rest_route=\/wp\/v2\/pages\/699\/revisions\/716"}],"wp:attachment":[{"href":"https:\/\/mypolice.sk\/index.php?rest_route=%2Fwp%2Fv2%2Fmedia&parent=699"}],"curies":[{"name":"wp","href":"https:\/\/api.w.org\/{rel}","templated":true}]}}