{"id":967,"date":"2022-12-13T18:46:35","date_gmt":"2022-12-13T17:46:35","guid":{"rendered":"https:\/\/mypolice.sk\/?page_id=967"},"modified":"2022-12-13T18:49:55","modified_gmt":"2022-12-13T17:49:55","slug":"kontakt","status":"publish","type":"page","link":"https:\/\/mypolice.sk\/?page_id=967","title":{"rendered":"Kontakt"},"content":{"rendered":"\n<div class=\"wp-block-contact-form-7-contact-form-selector\">\n<div class=\"wpcf7 no-js\" id=\"wpcf7-f966-o1\" lang=\"sk-SK\" dir=\"ltr\" data-wpcf7-id=\"966\">\n<div class=\"screen-reader-response\"><p role=\"status\" aria-live=\"polite\" aria-atomic=\"true\"><\/p> <ul><\/ul><\/div>\n<form action=\"\/index.php?rest_route=%2Fwp%2Fv2%2Fpages%2F967#wpcf7-f966-o1\" method=\"post\" class=\"wpcf7-form init\" aria-label=\"Kontaktn\u00fd formul\u00e1r\" novalidate=\"novalidate\" data-status=\"init\">\n<fieldset class=\"hidden-fields-container\"><input type=\"hidden\" name=\"_wpcf7\" value=\"966\" \/><input type=\"hidden\" name=\"_wpcf7_version\" value=\"6.1.5\" \/><input type=\"hidden\" name=\"_wpcf7_locale\" value=\"sk_SK\" \/><input type=\"hidden\" name=\"_wpcf7_unit_tag\" value=\"wpcf7-f966-o1\" \/><input type=\"hidden\" name=\"_wpcf7_container_post\" value=\"0\" \/><input type=\"hidden\" name=\"_wpcf7_posted_data_hash\" value=\"\" \/>\n<\/fieldset>\n<p><label> Va\u0161e meno<br \/>\n<span class=\"wpcf7-form-control-wrap\" data-name=\"your-name\"><input size=\"40\" maxlength=\"400\" class=\"wpcf7-form-control wpcf7-text wpcf7-validates-as-required\" autocomplete=\"name\" aria-required=\"true\" aria-invalid=\"false\" value=\"\" type=\"text\" name=\"your-name\" \/><\/span> <\/label>\n<\/p>\n<p><label> V\u00e1\u0161 email<br \/>\n<span class=\"wpcf7-form-control-wrap\" data-name=\"your-email\"><input size=\"40\" maxlength=\"400\" class=\"wpcf7-form-control wpcf7-email wpcf7-validates-as-required wpcf7-text wpcf7-validates-as-email\" autocomplete=\"email\" aria-required=\"true\" aria-invalid=\"false\" value=\"\" type=\"email\" name=\"your-email\" \/><\/span> <\/label>\n<\/p>\n<p><label> Predmet<br \/>\n<span class=\"wpcf7-form-control-wrap\" data-name=\"your-subject\"><input size=\"40\" maxlength=\"400\" class=\"wpcf7-form-control wpcf7-text wpcf7-validates-as-required\" aria-required=\"true\" aria-invalid=\"false\" value=\"\" type=\"text\" name=\"your-subject\" \/><\/span> <\/label>\n<\/p>\n<p><label> Va\u0161a spr\u00e1va (volite\u013en\u00e9)<br \/>\n<span class=\"wpcf7-form-control-wrap\" data-name=\"your-message\"><textarea cols=\"40\" rows=\"10\" maxlength=\"2000\" class=\"wpcf7-form-control wpcf7-textarea\" aria-invalid=\"false\" name=\"your-message\"><\/textarea><\/span> <\/label>\n<\/p>\n<p><div id=\"cf7sr-69f5ef915e54c\" class=\"cf7sr-g-recaptcha\" data-theme=\"light\" data-type=\"image\" data-size=\"normal\" data-sitekey=\"6Lf9M2ApAAAAAFStK32F_C1vNoagmUXH51ftgJwe\"><\/div><span class=\"wpcf7-form-control-wrap cf7sr-recaptcha\" data-name=\"cf7sr-recaptcha\"><input type=\"hidden\" name=\"cf7sr-recaptcha\" value=\"\" class=\"wpcf7-form-control\"><\/span>\n<\/p>\n<p><input class=\"wpcf7-form-control wpcf7-submit has-spinner\" type=\"submit\" value=\"Odosla\u0165\" \/>\n<\/p><p style=\"display: none !important;\" class=\"akismet-fields-container\" data-prefix=\"_wpcf7_ak_\"><label>&#916;<textarea name=\"_wpcf7_ak_hp_textarea\" cols=\"45\" rows=\"8\" maxlength=\"100\"><\/textarea><\/label><input type=\"hidden\" id=\"ak_js_1\" name=\"_wpcf7_ak_js\" value=\"226\"\/><script>\ndocument.getElementById( \"ak_js_1\" ).setAttribute( \"value\", ( new Date() ).getTime() );\n<\/script>\n<\/p><div class=\"wpcf7-response-output\" aria-hidden=\"true\"><\/div>\n<\/form>\n<\/div>\n<\/div>\n","protected":false},"excerpt":{"rendered":"","protected":false},"author":1,"featured_media":0,"parent":0,"menu_order":0,"comment_status":"closed","ping_status":"closed","template":"","meta":{"_monsterinsights_skip_tracking":false,"_monsterinsights_sitenote_active":false,"_monsterinsights_sitenote_note":"","_monsterinsights_sitenote_category":0,"footnotes":""},"class_list":["post-967","page","type-page","status-publish","hentry"],"yoast_head":"<!-- This site is optimized with the Yoast SEO plugin v27.5 - https:\/\/yoast.com\/product\/yoast-seo-wordpress\/ -->\n<title>Kontakt - MY POLICE<\/title>\n<meta name=\"description\" content=\"Kontaktne udaje mypolice, kontakt ,sportovo strelecky klub mypolice, strelnica, ako nas najdete ,\" \/>\n<meta name=\"robots\" content=\"index, follow, max-snippet:-1, max-image-preview:large, max-video-preview:-1\" \/>\n<link rel=\"canonical\" href=\"https:\/\/mypolice.sk\/?page_id=967\" \/>\n<meta property=\"og:locale\" content=\"sk_SK\" \/>\n<meta property=\"og:type\" content=\"article\" \/>\n<meta property=\"og:title\" content=\"Kontakt - MY POLICE\" \/>\n<meta property=\"og:description\" content=\"Kontaktne udaje mypolice, kontakt ,sportovo strelecky klub mypolice, strelnica, ako nas najdete ,\" \/>\n<meta property=\"og:url\" content=\"https:\/\/mypolice.sk\/?page_id=967\" \/>\n<meta property=\"og:site_name\" content=\"MY POLICE\" \/>\n<meta property=\"article:modified_time\" content=\"2022-12-13T17:49:55+00:00\" \/>\n<meta name=\"twitter:card\" content=\"summary_large_image\" \/>\n<meta name=\"twitter:label1\" content=\"Predpokladan\u00fd \u010das \u010d\u00edtania\" \/>\n\t<meta name=\"twitter:data1\" content=\"1 min\u00fata\" \/>\n<script type=\"application\/ld+json\" class=\"yoast-schema-graph\">{\"@context\":\"https:\\\/\\\/schema.org\",\"@graph\":[{\"@type\":\"WebPage\",\"@id\":\"https:\\\/\\\/mypolice.sk\\\/?page_id=967\",\"url\":\"https:\\\/\\\/mypolice.sk\\\/?page_id=967\",\"name\":\"Kontakt - MY POLICE\",\"isPartOf\":{\"@id\":\"https:\\\/\\\/mypolice.sk\\\/#website\"},\"datePublished\":\"2022-12-13T17:46:35+00:00\",\"dateModified\":\"2022-12-13T17:49:55+00:00\",\"description\":\"Kontaktne udaje mypolice, kontakt ,sportovo strelecky klub mypolice, strelnica, ako nas najdete ,\",\"breadcrumb\":{\"@id\":\"https:\\\/\\\/mypolice.sk\\\/?page_id=967#breadcrumb\"},\"inLanguage\":\"sk-SK\",\"potentialAction\":[{\"@type\":\"ReadAction\",\"target\":[\"https:\\\/\\\/mypolice.sk\\\/?page_id=967\"]}]},{\"@type\":\"BreadcrumbList\",\"@id\":\"https:\\\/\\\/mypolice.sk\\\/?page_id=967#breadcrumb\",\"itemListElement\":[{\"@type\":\"ListItem\",\"position\":1,\"name\":\"Home\",\"item\":\"https:\\\/\\\/mypolice.sk\\\/\"},{\"@type\":\"ListItem\",\"position\":2,\"name\":\"Kontakt\"}]},{\"@type\":\"WebSite\",\"@id\":\"https:\\\/\\\/mypolice.sk\\\/#website\",\"url\":\"https:\\\/\\\/mypolice.sk\\\/\",\"name\":\"MY POLICE\",\"description\":\"\u0160portov\u00fd klub ob\u010dianske zdru\u017eenie\",\"publisher\":{\"@id\":\"https:\\\/\\\/mypolice.sk\\\/#organization\"},\"potentialAction\":[{\"@type\":\"SearchAction\",\"target\":{\"@type\":\"EntryPoint\",\"urlTemplate\":\"https:\\\/\\\/mypolice.sk\\\/?s={search_term_string}\"},\"query-input\":{\"@type\":\"PropertyValueSpecification\",\"valueRequired\":true,\"valueName\":\"search_term_string\"}}],\"inLanguage\":\"sk-SK\"},{\"@type\":\"Organization\",\"@id\":\"https:\\\/\\\/mypolice.sk\\\/#organization\",\"name\":\"ozmypolice\",\"url\":\"https:\\\/\\\/mypolice.sk\\\/\",\"logo\":{\"@type\":\"ImageObject\",\"inLanguage\":\"sk-SK\",\"@id\":\"https:\\\/\\\/mypolice.sk\\\/#\\\/schema\\\/logo\\\/image\\\/\",\"url\":\"https:\\\/\\\/mypolice.sk\\\/wp-content\\\/uploads\\\/2018\\\/02\\\/cropped-my-police-logo-e1517646646330-1.png\",\"contentUrl\":\"https:\\\/\\\/mypolice.sk\\\/wp-content\\\/uploads\\\/2018\\\/02\\\/cropped-my-police-logo-e1517646646330-1.png\",\"width\":248,\"height\":228,\"caption\":\"ozmypolice\"},\"image\":{\"@id\":\"https:\\\/\\\/mypolice.sk\\\/#\\\/schema\\\/logo\\\/image\\\/\"}}]}<\/script>\n<!-- \/ Yoast SEO plugin. -->","yoast_head_json":{"title":"Kontakt - MY POLICE","description":"Kontaktne udaje mypolice, kontakt ,sportovo strelecky klub mypolice, strelnica, ako nas najdete ,","robots":{"index":"index","follow":"follow","max-snippet":"max-snippet:-1","max-image-preview":"max-image-preview:large","max-video-preview":"max-video-preview:-1"},"canonical":"https:\/\/mypolice.sk\/?page_id=967","og_locale":"sk_SK","og_type":"article","og_title":"Kontakt - MY POLICE","og_description":"Kontaktne udaje mypolice, kontakt ,sportovo strelecky klub mypolice, strelnica, ako nas najdete ,","og_url":"https:\/\/mypolice.sk\/?page_id=967","og_site_name":"MY POLICE","article_modified_time":"2022-12-13T17:49:55+00:00","twitter_card":"summary_large_image","twitter_misc":{"Predpokladan\u00fd \u010das \u010d\u00edtania":"1 min\u00fata"},"schema":{"@context":"https:\/\/schema.org","@graph":[{"@type":"WebPage","@id":"https:\/\/mypolice.sk\/?page_id=967","url":"https:\/\/mypolice.sk\/?page_id=967","name":"Kontakt - MY POLICE","isPartOf":{"@id":"https:\/\/mypolice.sk\/#website"},"datePublished":"2022-12-13T17:46:35+00:00","dateModified":"2022-12-13T17:49:55+00:00","description":"Kontaktne udaje mypolice, kontakt ,sportovo strelecky klub mypolice, strelnica, ako nas najdete ,","breadcrumb":{"@id":"https:\/\/mypolice.sk\/?page_id=967#breadcrumb"},"inLanguage":"sk-SK","potentialAction":[{"@type":"ReadAction","target":["https:\/\/mypolice.sk\/?page_id=967"]}]},{"@type":"BreadcrumbList","@id":"https:\/\/mypolice.sk\/?page_id=967#breadcrumb","itemListElement":[{"@type":"ListItem","position":1,"name":"Home","item":"https:\/\/mypolice.sk\/"},{"@type":"ListItem","position":2,"name":"Kontakt"}]},{"@type":"WebSite","@id":"https:\/\/mypolice.sk\/#website","url":"https:\/\/mypolice.sk\/","name":"MY POLICE","description":"\u0160portov\u00fd klub ob\u010dianske zdru\u017eenie","publisher":{"@id":"https:\/\/mypolice.sk\/#organization"},"potentialAction":[{"@type":"SearchAction","target":{"@type":"EntryPoint","urlTemplate":"https:\/\/mypolice.sk\/?s={search_term_string}"},"query-input":{"@type":"PropertyValueSpecification","valueRequired":true,"valueName":"search_term_string"}}],"inLanguage":"sk-SK"},{"@type":"Organization","@id":"https:\/\/mypolice.sk\/#organization","name":"ozmypolice","url":"https:\/\/mypolice.sk\/","logo":{"@type":"ImageObject","inLanguage":"sk-SK","@id":"https:\/\/mypolice.sk\/#\/schema\/logo\/image\/","url":"https:\/\/mypolice.sk\/wp-content\/uploads\/2018\/02\/cropped-my-police-logo-e1517646646330-1.png","contentUrl":"https:\/\/mypolice.sk\/wp-content\/uploads\/2018\/02\/cropped-my-police-logo-e1517646646330-1.png","width":248,"height":228,"caption":"ozmypolice"},"image":{"@id":"https:\/\/mypolice.sk\/#\/schema\/logo\/image\/"}}]}},"_links":{"self":[{"href":"https:\/\/mypolice.sk\/index.php?rest_route=\/wp\/v2\/pages\/967","targetHints":{"allow":["GET"]}}],"collection":[{"href":"https:\/\/mypolice.sk\/index.php?rest_route=\/wp\/v2\/pages"}],"about":[{"href":"https:\/\/mypolice.sk\/index.php?rest_route=\/wp\/v2\/types\/page"}],"author":[{"embeddable":true,"href":"https:\/\/mypolice.sk\/index.php?rest_route=\/wp\/v2\/users\/1"}],"replies":[{"embeddable":true,"href":"https:\/\/mypolice.sk\/index.php?rest_route=%2Fwp%2Fv2%2Fcomments&post=967"}],"version-history":[{"count":2,"href":"https:\/\/mypolice.sk\/index.php?rest_route=\/wp\/v2\/pages\/967\/revisions"}],"predecessor-version":[{"id":969,"href":"https:\/\/mypolice.sk\/index.php?rest_route=\/wp\/v2\/pages\/967\/revisions\/969"}],"wp:attachment":[{"href":"https:\/\/mypolice.sk\/index.php?rest_route=%2Fwp%2Fv2%2Fmedia&parent=967"}],"curies":[{"name":"wp","href":"https:\/\/api.w.org\/{rel}","templated":true}]}}